{"id":3312,"date":"2012-02-04T13:01:03","date_gmt":"2012-02-04T12:01:03","guid":{"rendered":"http:\/\/lacuisinedejosy.fr\/com\/?page_id=3312"},"modified":"2013-08-16T13:17:52","modified_gmt":"2013-08-16T11:17:52","slug":"qui-suis-je","status":"publish","type":"page","link":"https:\/\/www.lacuisinedejosy.com\/index.php\/qui-suis-je\/","title":{"rendered":"Qui suis je?"},"content":{"rendered":"<p><em>Bonjour<\/em><\/p>\n<p><em>Depuis 2003 \u00a0je suis heureuse de vous accueillir dans mon \u00ab\u00a0Carnet de recettes\u00a0\u00bb. <\/em><\/p>\n<p><em>Ce site n&rsquo;est pas un blog mais un vrai carnet contenant toutes les recettes que j&rsquo;aime, celles de ma famille, de mes amis\/amies, tir\u00e9es d&rsquo;un livre ou lues sur le net&#8230; <\/em><\/p>\n<p><em>Mises en ligne par Vincent pour les partager avec mes proches et toutes les personnes int\u00e9ress\u00e9es par des recettes simples \u00e0 r\u00e9aliser. Si une recette vous fait plaisir, merci de me le dire en r\u00e9digeant un commentaire auquel je r\u00e9pondrai \u00e0 la suite.<\/em><\/p>\n<p><em>Je vous souhaite une bonne gourmandise&#8230; un si joli d\u00e9faut !<\/em><\/p>\n<p>&nbsp;<\/p>\n","protected":false},"excerpt":{"rendered":"<p>Bonjour Depuis 2003 \u00a0je suis heureuse de vous accueillir dans mon \u00ab\u00a0Carnet de recettes\u00a0\u00bb. Ce site n&rsquo;est pas un blog mais un vrai carnet contenant toutes les recettes&#8230; <a href=\"https:\/\/www.lacuisinedejosy.com\/index.php\/qui-suis-je\/\">Read More &raquo;<\/a><\/p>\n","protected":false},"author":1,"featured_media":0,"parent":0,"menu_order":0,"comment_status":"open","ping_status":"closed","template":"","meta":{"footnotes":""},"class_list":["post-3312","page","type-page","status-publish","hentry"],"_links":{"self":[{"href":"https:\/\/www.lacuisinedejosy.com\/index.php\/wp-json\/wp\/v2\/pages\/3312","targetHints":{"allow":["GET"]}}],"collection":[{"href":"https:\/\/www.lacuisinedejosy.com\/index.php\/wp-json\/wp\/v2\/pages"}],"about":[{"href":"https:\/\/www.lacuisinedejosy.com\/index.php\/wp-json\/wp\/v2\/types\/page"}],"author":[{"embeddable":true,"href":"https:\/\/www.lacuisinedejosy.com\/index.php\/wp-json\/wp\/v2\/users\/1"}],"replies":[{"embeddable":true,"href":"https:\/\/www.lacuisinedejosy.com\/index.php\/wp-json\/wp\/v2\/comments?post=3312"}],"version-history":[{"count":0,"href":"https:\/\/www.lacuisinedejosy.com\/index.php\/wp-json\/wp\/v2\/pages\/3312\/revisions"}],"wp:attachment":[{"href":"https:\/\/www.lacuisinedejosy.com\/index.php\/wp-json\/wp\/v2\/media?parent=3312"}],"curies":[{"name":"wp","href":"https:\/\/api.w.org\/{rel}","templated":true}]}}