{"id":6595,"date":"2021-03-26T08:51:46","date_gmt":"2021-03-26T07:51:46","guid":{"rendered":"https:\/\/www.lacuisinedejosy.com\/?page_id=6595"},"modified":"2021-04-03T20:47:42","modified_gmt":"2021-04-03T18:47:42","slug":"cookies","status":"publish","type":"page","link":"https:\/\/www.lacuisinedejosy.com\/index.php\/cookies\/","title":{"rendered":"Cookies"},"content":{"rendered":"<p>En plus d&rsquo;\u00eatre un petit gateau dont vous trouverez <a href=\"https:\/\/www.lacuisinedejosy.com\/?s=cookies&amp;x=13&amp;y=16\" target=\"_blank\" rel=\"noreferrer noopener\">quelques recettes ici<\/a>, un cookie est un petit fichier t\u00e9moin stock\u00e9 depuis les sites internet consult\u00e9s, dans votre navigateur ou sur votre disque dur. Le cookie permet d\u2019identifier votre ordinateur chaque fois que vous connectez, par exemple sur notre site, et d\u2019analyser de mani\u00e8re anonyme vos pr\u00e9f\u00e9rences de navigation.<\/p>\n<h3 class=\"wp-block-heading\">A quoi nous servent ces cookies ?<\/h3>\n<p>Les cookies nous servent \u00e0 vous identifier pendant votre session et \u00e0 conserver vos pr\u00e9f\u00e9rences de navigation lors de vos connexions futures. Ils enregistrent votre nom et votre adresse pour que nous puissions vous identifier lorsque vous remplissez un formulaire de contact ou lorsque vous laissez un commentaire.<\/p>\n<h3 class=\"wp-block-heading\">Cookies internes<\/h3>\n<p>Un cookie interne est un cookie install\u00e9 dans votre navigateur par le site lacuisinedejosy.com apr\u00e8s que vous avez saisi leur URL ou cliqu\u00e9 sur un lien. Ce cookie sert \u00e0 m\u00e9moriser des informations qui seront utiles lors de vos futures consultations.<\/p>\n<h3 class=\"wp-block-heading\">Cookies tiers<\/h3>\n<p>Un cookie tiers est un cookie install\u00e9 sur votre ordinateur via un service utilis\u00e9 par lacuisinedejosy.com (Google Analytics, ou Facebook). Il provient du serveur d\u2019un domaine distinct de celui du site lacuisinedejosy.com.<\/p>\n<h3 class=\"wp-block-heading\">Suppression des cookies<\/h3>\n<p>Vous pouvez d\u00e9sactiver la fonction d\u2019installation des cookies dans les Param\u00e8tres de votre navigateur ou supprimer les cookies install\u00e9s. Allez \u00e0 la page Param\u00e8tres de votre navigateur, s\u00e9lectionnez la fonction d\u2019aide et s\u00e9lectionnez la rubrique \u00ab cookies \u00bb<\/p>\n","protected":false},"excerpt":{"rendered":"<p>En plus d&rsquo;\u00eatre un petit gateau dont vous trouverez quelques recettes ici, un cookie est un petit fichier t\u00e9moin stock\u00e9 depuis les sites internet consult\u00e9s, dans votre navigateur&#8230; <a href=\"https:\/\/www.lacuisinedejosy.com\/index.php\/cookies\/\">Read More &raquo;<\/a><\/p>\n","protected":false},"author":1,"featured_media":0,"parent":0,"menu_order":0,"comment_status":"closed","ping_status":"closed","template":"","meta":{"footnotes":""},"class_list":["post-6595","page","type-page","status-publish","hentry"],"_links":{"self":[{"href":"https:\/\/www.lacuisinedejosy.com\/index.php\/wp-json\/wp\/v2\/pages\/6595","targetHints":{"allow":["GET"]}}],"collection":[{"href":"https:\/\/www.lacuisinedejosy.com\/index.php\/wp-json\/wp\/v2\/pages"}],"about":[{"href":"https:\/\/www.lacuisinedejosy.com\/index.php\/wp-json\/wp\/v2\/types\/page"}],"author":[{"embeddable":true,"href":"https:\/\/www.lacuisinedejosy.com\/index.php\/wp-json\/wp\/v2\/users\/1"}],"replies":[{"embeddable":true,"href":"https:\/\/www.lacuisinedejosy.com\/index.php\/wp-json\/wp\/v2\/comments?post=6595"}],"version-history":[{"count":2,"href":"https:\/\/www.lacuisinedejosy.com\/index.php\/wp-json\/wp\/v2\/pages\/6595\/revisions"}],"predecessor-version":[{"id":6616,"href":"https:\/\/www.lacuisinedejosy.com\/index.php\/wp-json\/wp\/v2\/pages\/6595\/revisions\/6616"}],"wp:attachment":[{"href":"https:\/\/www.lacuisinedejosy.com\/index.php\/wp-json\/wp\/v2\/media?parent=6595"}],"curies":[{"name":"wp","href":"https:\/\/api.w.org\/{rel}","templated":true}]}}